{"id":589,"date":"2025-11-15T15:35:42","date_gmt":"2025-11-15T15:35:42","guid":{"rendered":"https:\/\/www.tennisgagnant.com\/?page_id=589"},"modified":"2025-11-18T11:04:23","modified_gmt":"2025-11-18T11:04:23","slug":"elementor-page-589","status":"publish","type":"page","link":"https:\/\/www.tennisgagnant.com\/?page_id=589","title":{"rendered":"Blog"},"content":{"rendered":"\t\t<div data-elementor-type=\"wp-page\" data-elementor-id=\"589\" class=\"elementor elementor-589\" data-elementor-post-type=\"page\">\n\t\t\t\t<div class=\"elementor-element elementor-element-b72c240 e-flex e-con-boxed e-con e-parent\" data-id=\"b72c240\" data-element_type=\"container\">\n\t\t\t\t\t<div class=\"e-con-inner\">\n\t\t<div class=\"elementor-element elementor-element-8933ac3 e-con-full e-flex e-con e-child\" data-id=\"8933ac3\" data-element_type=\"container\" data-settings=\"{&quot;background_background&quot;:&quot;classic&quot;}\">\n\t\t<div class=\"elementor-element elementor-element-0aa3794 e-con-full e-flex e-con e-child\" data-id=\"0aa3794\" data-element_type=\"container\">\n\t\t<div class=\"elementor-element elementor-element-452a558 e-con-full e-flex e-con e-child\" data-id=\"452a558\" data-element_type=\"container\">\n\t\t\t\t<div class=\"elementor-element elementor-element-219008d elementor-widget elementor-widget-heading\" data-id=\"219008d\" data-element_type=\"widget\" data-widget_type=\"heading.default\">\n\t\t\t\t\t<h1 class=\"elementor-heading-title elementor-size-default\">Blog Tennis Gagnant<\/h1>\t\t\t\t<\/div>\n\t\t\t\t<div class=\"elementor-element elementor-element-f48e42d elementor-widget elementor-widget-heading\" data-id=\"f48e42d\" data-element_type=\"widget\" data-widget_type=\"heading.default\">\n\t\t\t\t\t<h2 class=\"elementor-heading-title elementor-size-default\">D\u00e9couvrez les secrets de la haute performance en tennis<\/h2>\t\t\t\t<\/div>\n\t\t\t\t<\/div>\n\t\t\t\t<\/div>\n\t\t\t\t<\/div>\n\t\t\t\t\t<\/div>\n\t\t\t\t<\/div>\n\t\t<div class=\"elementor-element elementor-element-e3b3df0 e-flex e-con-boxed e-con e-parent\" data-id=\"e3b3df0\" data-element_type=\"container\" data-settings=\"{&quot;background_background&quot;:&quot;gradient&quot;}\">\n\t\t\t\t\t<div class=\"e-con-inner\">\n\t\t\t\t<div class=\"elementor-element elementor-element-7a48a15 elementor-posts--align-left elementor-grid-3 elementor-grid-tablet-2 elementor-grid-mobile-1 elementor-posts--thumbnail-top elementor-widget elementor-widget-posts\" data-id=\"7a48a15\" data-element_type=\"widget\" data-settings=\"{&quot;classic_row_gap&quot;:{&quot;unit&quot;:&quot;px&quot;,&quot;size&quot;:30,&quot;sizes&quot;:[]},&quot;classic_columns&quot;:&quot;3&quot;,&quot;classic_columns_tablet&quot;:&quot;2&quot;,&quot;classic_columns_mobile&quot;:&quot;1&quot;,&quot;classic_row_gap_tablet&quot;:{&quot;unit&quot;:&quot;px&quot;,&quot;size&quot;:&quot;&quot;,&quot;sizes&quot;:[]},&quot;classic_row_gap_mobile&quot;:{&quot;unit&quot;:&quot;px&quot;,&quot;size&quot;:&quot;&quot;,&quot;sizes&quot;:[]}}\" data-widget_type=\"posts.classic\">\n\t\t\t\t<div class=\"elementor-widget-container\">\n\t\t\t\t\t\t\t<div class=\"elementor-posts-container elementor-posts elementor-posts--skin-classic elementor-grid\" role=\"list\">\n\t\t\t\t<article class=\"elementor-post elementor-grid-item post-1467 post type-post status-publish format-standard has-post-thumbnail hentry category-mental\" role=\"listitem\">\n\t\t\t\t<a class=\"elementor-post__thumbnail__link\" href=\"https:\/\/www.tennisgagnant.com\/?p=1467\" tabindex=\"-1\" >\n\t\t\t<div class=\"elementor-post__thumbnail\"><img fetchpriority=\"high\" decoding=\"async\" width=\"300\" height=\"200\" src=\"https:\/\/www.tennisgagnant.com\/wp-content\/uploads\/2025\/11\/IMG_1611-300x200.jpg\" class=\"attachment-medium size-medium wp-image-1468\" alt=\"\" srcset=\"https:\/\/www.tennisgagnant.com\/wp-content\/uploads\/2025\/11\/IMG_1611-300x200.jpg 300w, https:\/\/www.tennisgagnant.com\/wp-content\/uploads\/2025\/11\/IMG_1611-768x512.jpg 768w, https:\/\/www.tennisgagnant.com\/wp-content\/uploads\/2025\/11\/IMG_1611.jpg 1024w\" sizes=\"(max-width: 300px) 100vw, 300px\" \/><\/div>\n\t\t<\/a>\n\t\t\t\t<div class=\"elementor-post__text\">\n\t\t\t\t<h3 class=\"elementor-post__title\">\n\t\t\t<a href=\"https:\/\/www.tennisgagnant.com\/?p=1467\" >\n\t\t\t\tLa PNL, secret du champion\t\t\t<\/a>\n\t\t<\/h3>\n\t\t\t\t<div class=\"elementor-post__meta-data\">\n\t\t\t\t\t<span class=\"elementor-post-date\">\n\t\t\tnovembre 28, 2025\t\t<\/span>\n\t\t\t\t<span class=\"elementor-post-avatar\">\n\t\t\tAucun commentaire\t\t<\/span>\n\t\t\t\t<\/div>\n\t\t\t\t<div class=\"elementor-post__excerpt\">\n\t\t\t<p>LA programmation neuro linguistique dit PNL est utilis\u00e9e par de plus en plus de sportifs professionnels, amateurs pour am\u00e9liorer leurs<\/p>\n\t\t<\/div>\n\t\t\n\t\t<a class=\"elementor-post__read-more\" href=\"https:\/\/www.tennisgagnant.com\/?p=1467\" aria-label=\"Read more about La PNL, secret du champion\" tabindex=\"-1\" >\n\t\t\tlire l'article \u00bb\t\t<\/a>\n\n\t\t\t\t<\/div>\n\t\t\t\t<\/article>\n\t\t\t\t<article class=\"elementor-post elementor-grid-item post-677 post type-post status-publish format-standard has-post-thumbnail hentry category-analyse-circuit-professionnel category-mental\" role=\"listitem\">\n\t\t\t\t<a class=\"elementor-post__thumbnail__link\" href=\"https:\/\/www.tennisgagnant.com\/?p=677\" tabindex=\"-1\" >\n\t\t\t<div class=\"elementor-post__thumbnail\"><img decoding=\"async\" width=\"300\" height=\"200\" src=\"https:\/\/www.tennisgagnant.com\/wp-content\/uploads\/2025\/11\/pexels-cottonbro-5730288-300x200.webp\" class=\"attachment-medium size-medium wp-image-346\" alt=\"\" srcset=\"https:\/\/www.tennisgagnant.com\/wp-content\/uploads\/2025\/11\/pexels-cottonbro-5730288-300x200.webp 300w, https:\/\/www.tennisgagnant.com\/wp-content\/uploads\/2025\/11\/pexels-cottonbro-5730288-1024x683.webp 1024w, https:\/\/www.tennisgagnant.com\/wp-content\/uploads\/2025\/11\/pexels-cottonbro-5730288-768x512.webp 768w, https:\/\/www.tennisgagnant.com\/wp-content\/uploads\/2025\/11\/pexels-cottonbro-5730288-1536x1024.webp 1536w, https:\/\/www.tennisgagnant.com\/wp-content\/uploads\/2025\/11\/pexels-cottonbro-5730288-scaled.webp 1920w\" sizes=\"(max-width: 300px) 100vw, 300px\" \/><\/div>\n\t\t<\/a>\n\t\t\t\t<div class=\"elementor-post__text\">\n\t\t\t\t<h3 class=\"elementor-post__title\">\n\t\t\t<a href=\"https:\/\/www.tennisgagnant.com\/?p=677\" >\n\t\t\t\tEt si j&rsquo;\u00e9tais meilleur mentalement\t\t\t<\/a>\n\t\t<\/h3>\n\t\t\t\t<div class=\"elementor-post__meta-data\">\n\t\t\t\t\t<span class=\"elementor-post-date\">\n\t\t\tnovembre 15, 2025\t\t<\/span>\n\t\t\t\t<span class=\"elementor-post-avatar\">\n\t\t\tAucun commentaire\t\t<\/span>\n\t\t\t\t<\/div>\n\t\t\t\t<div class=\"elementor-post__excerpt\">\n\t\t\t<p>J\u2019entends beaucoup de joueuses ou joueurs, m\u00eame sur le circuit ATP et WTA, \u00eatre n\u00e9gatif dans leur analyse ou chercher<\/p>\n\t\t<\/div>\n\t\t\n\t\t<a class=\"elementor-post__read-more\" href=\"https:\/\/www.tennisgagnant.com\/?p=677\" aria-label=\"Read more about Et si j&rsquo;\u00e9tais meilleur mentalement\" tabindex=\"-1\" >\n\t\t\tlire l'article \u00bb\t\t<\/a>\n\n\t\t\t\t<\/div>\n\t\t\t\t<\/article>\n\t\t\t\t<article class=\"elementor-post elementor-grid-item post-675 post type-post status-publish format-standard has-post-thumbnail hentry category-sport\" role=\"listitem\">\n\t\t\t\t<a class=\"elementor-post__thumbnail__link\" href=\"https:\/\/www.tennisgagnant.com\/?p=675\" tabindex=\"-1\" >\n\t\t\t<div class=\"elementor-post__thumbnail\"><img decoding=\"async\" width=\"229\" height=\"300\" src=\"https:\/\/www.tennisgagnant.com\/wp-content\/uploads\/2025\/11\/pexels-paultheodoroja-2772741-229x300.webp\" class=\"attachment-medium size-medium wp-image-80\" alt=\"\" srcset=\"https:\/\/www.tennisgagnant.com\/wp-content\/uploads\/2025\/11\/pexels-paultheodoroja-2772741-229x300.webp 229w, https:\/\/www.tennisgagnant.com\/wp-content\/uploads\/2025\/11\/pexels-paultheodoroja-2772741-780x1024.webp 780w, https:\/\/www.tennisgagnant.com\/wp-content\/uploads\/2025\/11\/pexels-paultheodoroja-2772741-768x1008.webp 768w, https:\/\/www.tennisgagnant.com\/wp-content\/uploads\/2025\/11\/pexels-paultheodoroja-2772741-1170x1536.webp 1170w, https:\/\/www.tennisgagnant.com\/wp-content\/uploads\/2025\/11\/pexels-paultheodoroja-2772741-scaled.webp 1463w\" sizes=\"(max-width: 229px) 100vw, 229px\" \/><\/div>\n\t\t<\/a>\n\t\t\t\t<div class=\"elementor-post__text\">\n\t\t\t\t<h3 class=\"elementor-post__title\">\n\t\t\t<a href=\"https:\/\/www.tennisgagnant.com\/?p=675\" >\n\t\t\t\tQu&rsquo;est ce qu&rsquo;un bon coach ?\t\t\t<\/a>\n\t\t<\/h3>\n\t\t\t\t<div class=\"elementor-post__meta-data\">\n\t\t\t\t\t<span class=\"elementor-post-date\">\n\t\t\tnovembre 15, 2025\t\t<\/span>\n\t\t\t\t<span class=\"elementor-post-avatar\">\n\t\t\tAucun commentaire\t\t<\/span>\n\t\t\t\t<\/div>\n\t\t\t\t<div class=\"elementor-post__excerpt\">\n\t\t\t<p>TROUVE TON COACH DE TENNIS IDEAL Je pense qu\u2019il est primordial de choisir LE COACH qui vous permettra de jouer<\/p>\n\t\t<\/div>\n\t\t\n\t\t<a class=\"elementor-post__read-more\" href=\"https:\/\/www.tennisgagnant.com\/?p=675\" aria-label=\"Read more about Qu&rsquo;est ce qu&rsquo;un bon coach ?\" tabindex=\"-1\" >\n\t\t\tlire l'article \u00bb\t\t<\/a>\n\n\t\t\t\t<\/div>\n\t\t\t\t<\/article>\n\t\t\t\t<article class=\"elementor-post elementor-grid-item post-671 post type-post status-publish format-standard has-post-thumbnail hentry category-tactiques\" role=\"listitem\">\n\t\t\t\t<a class=\"elementor-post__thumbnail__link\" href=\"https:\/\/www.tennisgagnant.com\/?p=671\" tabindex=\"-1\" >\n\t\t\t<div class=\"elementor-post__thumbnail\"><img loading=\"lazy\" decoding=\"async\" width=\"300\" height=\"200\" src=\"https:\/\/www.tennisgagnant.com\/wp-content\/uploads\/2025\/11\/pexels-paggiarofrancesco-776527-300x200.webp\" class=\"attachment-medium size-medium wp-image-109\" alt=\"\" srcset=\"https:\/\/www.tennisgagnant.com\/wp-content\/uploads\/2025\/11\/pexels-paggiarofrancesco-776527-300x200.webp 300w, https:\/\/www.tennisgagnant.com\/wp-content\/uploads\/2025\/11\/pexels-paggiarofrancesco-776527-1024x683.webp 1024w, https:\/\/www.tennisgagnant.com\/wp-content\/uploads\/2025\/11\/pexels-paggiarofrancesco-776527-768x512.webp 768w, https:\/\/www.tennisgagnant.com\/wp-content\/uploads\/2025\/11\/pexels-paggiarofrancesco-776527-1536x1024.webp 1536w, https:\/\/www.tennisgagnant.com\/wp-content\/uploads\/2025\/11\/pexels-paggiarofrancesco-776527-scaled.webp 1920w\" sizes=\"(max-width: 300px) 100vw, 300px\" \/><\/div>\n\t\t<\/a>\n\t\t\t\t<div class=\"elementor-post__text\">\n\t\t\t\t<h3 class=\"elementor-post__title\">\n\t\t\t<a href=\"https:\/\/www.tennisgagnant.com\/?p=671\" >\n\t\t\t\tLes secrets du champion\t\t\t<\/a>\n\t\t<\/h3>\n\t\t\t\t<div class=\"elementor-post__meta-data\">\n\t\t\t\t\t<span class=\"elementor-post-date\">\n\t\t\tnovembre 15, 2025\t\t<\/span>\n\t\t\t\t<span class=\"elementor-post-avatar\">\n\t\t\tAucun commentaire\t\t<\/span>\n\t\t\t\t<\/div>\n\t\t\t\t<div class=\"elementor-post__excerpt\">\n\t\t\t<p>Les champions naissent souvent d\u2019une grande frustration ou ont \u00e9t\u00e9 \u00e9duqu\u00e9s pour gagner. J\u2019ai cotoy\u00e9 beaucoup de sportifs de haut<\/p>\n\t\t<\/div>\n\t\t\n\t\t<a class=\"elementor-post__read-more\" href=\"https:\/\/www.tennisgagnant.com\/?p=671\" aria-label=\"Read more about Les secrets du champion\" tabindex=\"-1\" >\n\t\t\tlire l'article \u00bb\t\t<\/a>\n\n\t\t\t\t<\/div>\n\t\t\t\t<\/article>\n\t\t\t\t<article class=\"elementor-post elementor-grid-item post-655 post type-post status-publish format-standard has-post-thumbnail hentry category-mental category-sport\" role=\"listitem\">\n\t\t\t\t<a class=\"elementor-post__thumbnail__link\" href=\"https:\/\/www.tennisgagnant.com\/?p=655\" tabindex=\"-1\" >\n\t\t\t<div class=\"elementor-post__thumbnail\"><img loading=\"lazy\" decoding=\"async\" width=\"300\" height=\"300\" src=\"https:\/\/www.tennisgagnant.com\/wp-content\/uploads\/2025\/11\/1-Jenifer-Anger-300x300.webp\" class=\"attachment-medium size-medium wp-image-500\" alt=\"\" srcset=\"https:\/\/www.tennisgagnant.com\/wp-content\/uploads\/2025\/11\/1-Jenifer-Anger-300x300.webp 300w, https:\/\/www.tennisgagnant.com\/wp-content\/uploads\/2025\/11\/1-Jenifer-Anger-150x150.webp 150w, https:\/\/www.tennisgagnant.com\/wp-content\/uploads\/2025\/11\/1-Jenifer-Anger-768x768.webp 768w, https:\/\/www.tennisgagnant.com\/wp-content\/uploads\/2025\/11\/1-Jenifer-Anger.webp 960w\" sizes=\"(max-width: 300px) 100vw, 300px\" \/><\/div>\n\t\t<\/a>\n\t\t\t\t<div class=\"elementor-post__text\">\n\t\t\t\t<h3 class=\"elementor-post__title\">\n\t\t\t<a href=\"https:\/\/www.tennisgagnant.com\/?p=655\" >\n\t\t\t\tLes 3 piliers de la confiance en soi\t\t\t<\/a>\n\t\t<\/h3>\n\t\t\t\t<div class=\"elementor-post__meta-data\">\n\t\t\t\t\t<span class=\"elementor-post-date\">\n\t\t\tnovembre 15, 2025\t\t<\/span>\n\t\t\t\t<span class=\"elementor-post-avatar\">\n\t\t\tAucun commentaire\t\t<\/span>\n\t\t\t\t<\/div>\n\t\t\t\t<div class=\"elementor-post__excerpt\">\n\t\t\t<p>La confiance en soi est le moteur qui va te permettre de jouer ton meilleur tennis et devenir un homme<\/p>\n\t\t<\/div>\n\t\t\n\t\t<a class=\"elementor-post__read-more\" href=\"https:\/\/www.tennisgagnant.com\/?p=655\" aria-label=\"Read more about Les 3 piliers de la confiance en soi\" tabindex=\"-1\" >\n\t\t\tlire l'article \u00bb\t\t<\/a>\n\n\t\t\t\t<\/div>\n\t\t\t\t<\/article>\n\t\t\t\t<\/div>\n\t\t\n\t\t\t\t\t\t<\/div>\n\t\t\t\t<\/div>\n\t\t\t\t\t<\/div>\n\t\t\t\t<\/div>\n\t\t\t\t<\/div>\n\t\t","protected":false},"excerpt":{"rendered":"<p>Blog Tennis Gagnant D\u00e9couvrez les secrets de la haute performance en tennis<\/p>\n","protected":false},"author":1,"featured_media":0,"parent":0,"menu_order":0,"comment_status":"closed","ping_status":"closed","template":"","meta":{"_eb_attr":"","footnotes":""},"class_list":["post-589","page","type-page","status-publish","hentry"],"_links":{"self":[{"href":"https:\/\/www.tennisgagnant.com\/index.php?rest_route=\/wp\/v2\/pages\/589","targetHints":{"allow":["GET"]}}],"collection":[{"href":"https:\/\/www.tennisgagnant.com\/index.php?rest_route=\/wp\/v2\/pages"}],"about":[{"href":"https:\/\/www.tennisgagnant.com\/index.php?rest_route=\/wp\/v2\/types\/page"}],"author":[{"embeddable":true,"href":"https:\/\/www.tennisgagnant.com\/index.php?rest_route=\/wp\/v2\/users\/1"}],"replies":[{"embeddable":true,"href":"https:\/\/www.tennisgagnant.com\/index.php?rest_route=%2Fwp%2Fv2%2Fcomments&post=589"}],"version-history":[{"count":26,"href":"https:\/\/www.tennisgagnant.com\/index.php?rest_route=\/wp\/v2\/pages\/589\/revisions"}],"predecessor-version":[{"id":992,"href":"https:\/\/www.tennisgagnant.com\/index.php?rest_route=\/wp\/v2\/pages\/589\/revisions\/992"}],"wp:attachment":[{"href":"https:\/\/www.tennisgagnant.com\/index.php?rest_route=%2Fwp%2Fv2%2Fmedia&parent=589"}],"curies":[{"name":"wp","href":"https:\/\/api.w.org\/{rel}","templated":true}]}}